{"id":4457,"date":"2021-12-05T17:50:52","date_gmt":"2021-12-05T17:50:52","guid":{"rendered":"https:\/\/elena.fitwow.com\/?page_id=4457"},"modified":"2021-12-05T17:50:52","modified_gmt":"2021-12-05T17:50:52","slug":"privacy-e-cookies-policy","status":"publish","type":"page","link":"https:\/\/elenadicuori.com\/en\/privacy-e-cookies-policy\/","title":{"rendered":"Privacy e cookies policy"},"content":{"rendered":"<p>&nbsp;<\/p>\n<p style=\"text-align: center;\"><strong>Personal data processing<\/strong><\/p>\n<p style=\"text-align: center;\">\n<p style=\"text-align: center;\">WHEREAS Elena di Cuori is a product service of En srl, pursuant to Article 13 of the European Regulation No. 2016\/679 (hereinafter also GDPR), the company EN srl, in its capacity as the owner of the processing of personal data, in the person of its legal representative, with registered office in Via Pergolesi 2-20124 Milan.<\/p>\n<p style=\"text-align: center;\">Informs you, that the personal data that will be provided may be processed by the latter, either directly or through third parties, not only to execute contractual obligations, but also to comply with the obligations required by law, regulations or EU regulations.<\/p>\n<p style=\"text-align: center;\">Data processing means any operation or set of operations, performed with or without the aid of automated processes and applied to personal data or sets of personal data, such as collection, recording, organization, structuring, storage, adaptation or modification, extraction, consultation, use, communication by transmission, dissemination or any other form of making available, comparison or interconnection, restriction, erasure or destruction. The data will be processed by means of instruments suitable for guaranteeing their security as well as confidentiality and may also be carried out by means of automated instruments suitable for storing, managing and transmitting the data.<\/p>\n<p style=\"text-align: center;\">The Data Protection Officer (DPO) pursuant to Art. 37 of the GDPR, can be contacted by writing to PEC ensrls1@legalmail.it, or to En srl at Via Pergolesi 2-20124 Milan, Italy or by phone at +02 84240 733<\/p>\n<p style=\"text-align: center;\">Personal data may be known by employees\/consultants of En srl who have been specially appointed as Data Processors or Persons in Charge of Processing.<\/p>\n<p style=\"text-align: center;\">EN srl is the data controller of the data provided and is therefore responsible for any updates or changes to the same, in relation to the changes communicated. In relation to the processing of your data, you may exercise the rights provided for in Article 15 of European Regulation No. 2016\/679, and in particular, among other things, you will have the right:<\/p>\n<ul style=\"text-align: center;\">\n<li>to obtain confirmation of the existence or non-existence of personal data concerning him\/her, even if not yet registered, and their communication in intelligible form;<\/li>\n<li>\u00a0\u00a0\u00a0\u00a0\u00a0\u00a0 to obtain the indication:<\/li>\n<\/ul>\n<p style=\"text-align: center;\">\u00a0\u00a0\u00a0\u00a0\u00a0\u00a0\u00a0\u00a0 \u25e6         of the origin of personal data;<\/p>\n<p style=\"text-align: center;\">\u00a0\u00a0\u00a0\u00a0\u00a0\u00a0\u00a0\u00a0 \u25e6\u00a0\u00a0\u00a0\u00a0\u00a0\u00a0\u00a0\u00a0 of the categories of personal data processed;<\/p>\n<p style=\"text-align: center;\">\u00a0\u00a0\u00a0\u00a0\u00a0\u00a0\u00a0\u00a0 \u25e6\u00a0\u00a0\u00a0\u00a0\u00a0\u00a0\u00a0\u00a0 the period of retention of personal data or, if this is not possible, the criteria used to determine this period;<\/p>\n<p style=\"text-align: center;\">\u00a0\u00a0\u00a0\u00a0\u00a0\u00a0\u00a0\u00a0 \u25e6\u00a0\u00a0\u00a0\u00a0\u00a0\u00a0\u00a0\u00a0 of the purposes and methods of processing;<\/p>\n<p style=\"text-align: center;\">\u00a0\u00a0\u00a0\u00a0\u00a0\u00a0\u00a0\u00a0 \u25e6\u00a0\u00a0\u00a0\u00a0\u00a0\u00a0\u00a0\u00a0 of the logic applied in case of processing carried out with the aid of electronic tools;<\/p>\n<p style=\"text-align: center;\">\u00a0\u00a0\u00a0\u00a0\u00a0\u00a0\u00a0\u00a0 \u25e6\u00a0\u00a0\u00a0\u00a0\u00a0\u00a0\u00a0\u00a0 of the identification details of the owner, data controllers and the data protection officer designated in accordance with Article 37;<\/p>\n<p style=\"text-align: center;\">\u00a0\u00a0\u00a0\u00a0\u00a0\u00a0\u00a0\u00a0 \u25e6\u00a0\u00a0\u00a0\u00a0\u00a0\u00a0\u00a0\u00a0 of the subjects or categories of subjects to whom the personal data may be communicated or who may become aware of them in their capacity as designated representative in the territory of the State, as managers or appointees;<\/p>\n<p style=\"text-align: center;\">\u00a0\u00a0\u00a0\u00a0\u00a0\u00a0\u00a0\u00a0 \u25e6\u00a0\u00a0\u00a0\u00a0\u00a0\u00a0\u00a0\u00a0 where personal data are transferred to a third country or international organization, the right to be informed of the existence of adequate safeguards under Article 46 relating to the transfer.<\/p>\n<ul style=\"text-align: center;\">\n<li>to obtain:<\/li>\n<\/ul>\n<p style=\"text-align: center;\">\u00a0\u00a0\u00a0\u00a0\u00a0\u00a0\u00a0\u00a0 \u25e6\u00a0\u00a0\u00a0\u00a0\u00a0\u00a0\u00a0\u00a0updating, rectification or, when interested, supplementation of data;<\/p>\n<p style=\"text-align: center;\">\u00a0\u00a0\u00a0\u00a0\u00a0\u00a0\u00a0\u00a0 \u25e6\u00a0\u00a0\u00a0\u00a0\u00a0\u00a0\u00a0\u00a0 the deletion, transformation into anonymous form or blocking of data processed in violation of the law, including data whose retention is not necessary in relation to the purposes for which the data were collected or subsequently processed;<\/p>\n<p style=\"text-align: center;\">\u00a0\u00a0\u00a0\u00a0\u00a0\u00a0\u00a0\u00a0 \u25e6\u00a0\u00a0\u00a0\u00a0\u00a0\u00a0\u00a0\u00a0 the restriction of the processing of personal data concerning him or her or to object to their processing<\/p>\n<ul style=\"text-align: center;\">\n<li>to object in whole or in part:<\/li>\n<\/ul>\n<p style=\"text-align: center;\">\u00a0\u00a0\u00a0\u00a0\u00a0\u00a0\u00a0\u00a0 \u25e6\u00a0\u00a0\u00a0\u00a0\u00a0\u00a0\u00a0\u00a0 for legitimate reasons to the processing of personal data concerning him or her, even if for the purpose of collection;<\/p>\n<p style=\"text-align: center;\">\u00a0\u00a0\u00a0\u00a0\u00a0\u00a0\u00a0\u00a0 \u25e6\u00a0\u00a0\u00a0\u00a0\u00a0\u00a0\u00a0\u00a0 to the processing of personal data concerning him\/her for the purpose of sending advertising or direct sales material or for carrying out market research or commercial communication.<\/p>\n<ul style=\"text-align: center;\">\n<li>to file a complaint with a competent authority<\/li>\n<\/ul>\n<p style=\"text-align: center;\">The deletion or modification of data will take place according to the technical timelines provided for each of the services listed above. You may exercise the rights described above, by request sent by registered letter to the following address: EN Srl at - via pergolesi 2, 2014 Milan; or through PEC at ensrls1@legalmail.it .<\/p>\n<p style=\"text-align: center;\">Type of data processed and purpose of processing<\/p>\n<p style=\"text-align: center;\">Navigation data<\/p>\n<p style=\"text-align: center;\">the computer systems and software procedures used to operate this website acquire, during their normal operation, some personal data whose transmission is implicit in the use of Internet communication protocols. This is information that is not collected to be associated with identified interested parties, but which by its very nature could, through processing and association with data held by third parties, allow users to be identified. This category of data includes, by way of example, the IP addresses or domain names of the computers used by users who connect to the site, the numerical code indicating the status of the response given by the server (successful, error, etc.) and other parameters relating to the user's operating system and computer environment.<\/p>\n<p style=\"text-align: center;\">This data is used by EN srl for the sole purpose of obtaining anonymous statistical information about the use of the site and to check that it is working properly.<\/p>\n<p style=\"text-align: center;\">These data are kept for the period strictly necessary and in any case in accordance with the relevant regulations.<\/p>\n<p style=\"text-align: center;\">Cookies policy privacy<\/p>\n<p style=\"text-align: center;\">Cookies are text files, containing small amounts of information, that are stored on the user's computer or mobile device when visiting a website, or other similar technologies. On each subsequent visit, cookies are sent back to the website that originated them (first-party cookies), or to another website (third-party cookies) and recognized by that website. Cookies are useful precisely because they allow a website to recognize a user's device. Cookies cannot retrieve any other data from your hard drive, nor can they transmit computer viruses or acquire e-mail addresses.<\/p>\n<p style=\"text-align: center;\">\n<p style=\"text-align: center;\"><strong>Why we use cookies<\/strong><\/p>\n<p style=\"text-align: center;\">Cookies allow the Elena di Cuori website to \u201cremember\u201d users for the duration of the visit (session cookies) or for multiple visits (permanent cookies). Cookies can serve many different functions. Some are essential and allow you to navigate effectively, set and store preferences, and more generally to improve and optimize your navigation on a website.<\/p>\n<p style=\"text-align: center;\">\n<p style=\"text-align: center;\"><strong>How we use cookies<\/strong><\/p>\n<p style=\"text-align: center;\">In order to provide you with the services you have requested, we use cookies as you navigate within the Elena di cuori website.<\/p>\n<p style=\"text-align: center;\">Most cookies are session cookies, meaning they are used to make the site work properly and are automatically deleted when you close the browser; other types of cookies are, however, saved on the computer's hard drive and can only be read by the server that previously stored them.<\/p>\n<p style=\"text-align: center;\">\n<p style=\"text-align: center;\">Cookies make it more efficient and easier to use the Internet: for example, they allow you to type in your password less frequently during a single session of page surfing, provided you have explicitly requested this functionality.<\/p>\n<p style=\"text-align: center;\">\n<p style=\"text-align: center;\">The cookies used on the Websites and therefore also on the Elenadicuori.com site are therefore aimed at storing specific technical information regarding the users accessing the servers: many operations on the Websites could not in fact be carried out without the use of cookies, which are therefore technically necessary in such cases. For example, accessing your personal page and restricted areas of the Website and all the activities that you can perform on the Website would be much more complex and less secure without the presence of cookies, which allow them to identify you and maintain your identification during the session.<\/p>\n<p style=\"text-align: center;\">\n<p style=\"text-align: center;\">In any case, the use of cookies by EN srl takes place in full compliance with the provisions of current legislation on the subject, which allows the use of these technologies for certain legitimate purposes, such as technical storage for the time strictly necessary to transmit a communication or to provide a specific service requested by the User, who can always object to the processing of his data in the manner listed in the paragraph below.<\/p>\n<p style=\"text-align: center;\">\n<p style=\"text-align: center;\">Cookie management and deactivation information<\/p>\n<p style=\"text-align: center;\">You will always have the possibility to accept all cookies, to be informed about their use or to proceed to their deactivation by autonomously modifying the settings of the navigation program you use (also called \u201cbrowser\u201d). Please note that if you decide to disable or remove cookies from your browser, this action may make some parts of the site inaccessible and navigation less functional.<\/p>\n<p style=\"text-align: center;\">\n<p style=\"text-align: center;\">You will always have the possibility to accept all cookies, to be informed about their use or to proceed to their deactivation by autonomously modifying the settings of the navigation program you use (also called \u201cbrowser\u201d). Please note that if you decide to disable or remove cookies from your browser, this action may make some parts of the site inaccessible and navigation less functional.<\/p>\n<ul style=\"text-align: center;\">\n<li>Internet Explorer 8.0+:<\/li>\n<\/ul>\n<p style=\"text-align: center;\">\u00a0\u00a0\u00a0\u00a0\u00a0\u00a0\u00a0\u00a0 \u25e6        Click \u201cTools\u201d on the menu bar and select \u201cInternet Options\u201d<\/p>\n<p style=\"text-align: center;\">\u00a0\u00a0\u00a0\u00a0\u00a0\u00a0\u00a0\u00a0 \u25e6          Click the \u201cPrivacy\u201d tab at the top<\/p>\n<p style=\"text-align: center;\">\u00a0\u00a0\u00a0\u00a0\u00a0\u00a0\u00a0\u00a0 \u25e6         Drag the slider to \u201cBlock all cookies\u201d<\/p>\n<ul style=\"text-align: center;\">\n<li>Firefox 4.0+:<\/li>\n<\/ul>\n<p style=\"text-align: center;\">\u00a0\u00a0\u00a0\u00a0\u00a0\u00a0\u00a0\u00a0 \u25e6          Click \u201cTools\u201d in the menu bar.<\/p>\n<p style=\"text-align: center;\">\u00a0\u00a0\u00a0\u00a0\u00a0\u00a0\u00a0\u00a0 \u25e6        Select \u201cOptions\u201d<\/p>\n<p style=\"text-align: center;\">\u00a0\u00a0\u00a0\u00a0\u00a0\u00a0\u00a0\u00a0 \u25e6         Click the \u201cPrivacy\u201d tab.<\/p>\n<p style=\"text-align: center;\">\u00a0\u00a0\u00a0\u00a0\u00a0\u00a0\u00a0\u00a0 \u25e6         Check the box \u201cEnable anti-tracking option for personal data.\u201d<\/p>\n<ul style=\"text-align: center;\">\n<li>Chrome:<\/li>\n<\/ul>\n<p style=\"text-align: center;\">\u00a0\u00a0\u00a0\u00a0\u00a0\u00a0\u00a0\u00a0 \u25e6         Click the \u201cchrome menu\u201d in the browser toolbar.<\/p>\n<p style=\"text-align: center;\">\u00a0\u00a0\u00a0\u00a0\u00a0\u00a0\u00a0\u00a0 \u25e6         Select \u201cSettings\u201d<\/p>\n<p style=\"text-align: center;\">\u00a0\u00a0\u00a0\u00a0\u00a0\u00a0\u00a0\u00a0 \u25e6         Click \u201cShow advanced settings.\u201d<\/p>\n<p style=\"text-align: center;\">\u00a0\u00a0\u00a0\u00a0\u00a0\u00a0\u00a0\u00a0 \u25e6         In the Privacy section, click the \u201cContent Settings\u201d button.<\/p>\n<p style=\"text-align: center;\">\u00a0\u00a0\u00a0\u00a0\u00a0\u00a0\u00a0\u00a0 \u25e6         In the \u201cCookies\u201d section, select \u201cBlock third-party cookies and data from sites\u201d and \u201cPrevent sites from setting data\u201d<\/p>\n<ul style=\"text-align: center;\">\n<li>Safari 5.0+:<\/li>\n<\/ul>\n<p style=\"text-align: center;\">\u00a0\u00a0\u00a0\u00a0\u00a0\u00a0\u00a0\u00a0 \u25e6         Click the Safari menu and select \u201cPreferences\u201d<\/p>\n<p style=\"text-align: center;\">\u00a0\u00a0\u00a0\u00a0\u00a0\u00a0\u00a0\u00a0 \u25e6         Click the \u201cPrivacy\u201d tab.<\/p>\n<p style=\"text-align: center;\">\u00a0\u00a0\u00a0\u00a0\u00a0\u00a0\u00a0\u00a0 \u25e6         In the \u201cBlock cookies\u201d section specify whether to accept cookies always, never, or only from sponsors and third parties. For an explanation of the different options click on the Help button in the shape of a question mark. If Safari is set to block cookies, you may need to accept them temporarily for the page to open. Then repeat the steps above and select \u201cAlways.\u201d When you have finished using Help, disable cookies again and delete them.<\/p>\n<p style=\"text-align: center;\">For the deactivation of analytical and profiling cookies, we refer you to the dedicated functionality below.<\/p>\n<p style=\"text-align: center;\">\n<p style=\"text-align: center;\"><strong>Types of Cookies<\/strong><\/p>\n<p style=\"text-align: center;\">Technical Cookies<\/p>\n<p style=\"text-align: center;\">\u201cTechnical\u201d cookies are divided into browsing cookies and session cookies.<\/p>\n<p style=\"text-align: center;\">Questi sono strettamente necessari a garantire la normale navigazione e l\u2019uso del sito Elenadicuori.com. Tali cookies possono essere diversificati in base alla loro persistenza sul terminale dell\u2019utente. Infatti, mentre i cookies di sessione si cancellano automaticamente alla fine di ogni navigazione, i cookies di navigazione hanno una vita pi\u00f9 lunga.<\/p>\n<p style=\"text-align: center;\">Utilizziamo i cookies di navigazione o di sessione per: la gestione in forma anonima della consultazione del sito elenadicuori.com consentire l\u2019autenticazione per l\u2019accesso ad aree riservate del sito Elenadicuori.com ; la gestione delle preferenze personali da te impostate per l\u2019uso dei cookies. Tali Cookies sono necessari per navigare all\u2019interno dei siti stessi poich\u00e8 consentono funzioni essenziali quali autenticazione, validazione, gestione di una sessione di navigazione e consentono ad esempio di identificare se l\u2019utente ha avuto regolarmente accesso all\u2019Area Riservata oppure la validazione dell\u2019utente e la gestione delle sessioni di navigazione e la prevenzione delle frodi. Alcuni sono impiantati nel terminale dell\u2019utente\/contraente (non saranno utilizzati per scopi ulteriori), come ad esempio cookies di sessione utilizzati per riempire il carrello negli acquisti on line di servizi sul Portale, cookies di personalizzazione ad es. per la scelta della lingua di navigazione, richiamo ID e Password.<\/p>\n<p style=\"text-align: center;\">\n<p style=\"text-align: center;\">I cookies tecnici sono essenziali e possono essere utilizzati anche in assenza del consenso dell\u2019interessato. Essi sono ad esempio:<\/p>\n<p style=\"text-align: center;\">\n<p style=\"text-align: center;\">\u2013 cookies con dati compilati dall\u2019utente (identificativo di sessione), della durata di una sessione o cookies persistenti limitatamente ad alcune ore in taluni casi;<\/p>\n<p style=\"text-align: center;\">\u2013 cookies per l\u2019autenticazione, utilizzati ai fini dei servizi autenticati, della durata di una sessione;<\/p>\n<p style=\"text-align: center;\">\u2013 cookies di sicurezza incentrati sugli utenti, utilizzati per individuare abusi di autenticazione, per una durata persistente limitata;<\/p>\n<p style=\"text-align: center;\">\u2013 cookies di sessione per lettori multimediali, come i cookies per lettori \u201cflash\u201d, della durata di una sessione;<\/p>\n<p style=\"text-align: center;\">\u2013 cookies di sessione per il bilanciamento del carico, della durata di una sessione;<\/p>\n<p style=\"text-align: center;\">\u2013 cookies persistenti per la personalizzazione dell\u2019interfaccia utente, della durata di una sessione (o poco pi\u00f9);<\/p>\n<p style=\"text-align: center;\">Cookies analitici o analytics :<\/p>\n<p style=\"text-align: center;\">I cd. Cookies analytics vengono utilizzati per analizzare statisticamente gli accessi\/le visite al sito, e perseguono esclusivamente scopi statistici e non anche di profilazione o di marketing. Essi raccolgono informazioni in forma aggregata, senza la possibilit\u00e0 di risalire alla identificazione del singolo utente. Per tale tipologia di cookies, Elena di cuori ti informa che hai sempre la possibilit\u00e0 di disattivare questi cookies (cd. opt out) secondo le seguenti istruzioni: Apri il tuo browser, seleziona il Menu Impostazioni, clicca su \u201cOpzioni Internet\u201d, apri la scheda relativa alla privacy e scegli il livello di blocco cookies che desideri.Se vuoi procedere ad eliminare i cookies gi\u00e0 salvati in memoria \u00e8 sufficiente aprire la Scheda Sicurezza ed eliminare la cronologia spuntando la casella \u201celimina cookies\u201d.<\/p>\n<p style=\"text-align: center;\">EN srl\u00a0 ci tiene a comunicarti che potrai sempre scegliere di accettare o rifiutare i cookies per finalit\u00e0 di profilazione attraverso la Web Privacy Policy e Cookies. Se scegli di rifiutare i cookies per finalit\u00e0 di profilazione, potrai comunque continuare ad usufruire del sito perch\u00e8 non saranno bloccati i cookies tecnici sopra riportati. L\u2019opzione da te selezionata sar\u00e0 memorizzata per un anno e sarai comunque sempre in grado di modificare la tua preferenza relativa ai cookies con finalit\u00e0 di profilazione attraverso questa pagina di informativa estesa (vedi box sopra).<\/p>\n<p style=\"text-align: center;\">Sicurezza delle informazioni<\/p>\n<p style=\"text-align: center;\">Tutte le informazioni raccolte sul sito vengono memorizzate e mantenute in strutture sicure che limitano l\u2019accesso esclusivamente al personale autorizzato. Il sito Web \u00e8 controllato regolarmente per verificare l\u2019eventuale presenza di violazioni della sicurezza, ed assicurare che tutte le informazioni raccolte siano al sicuro da chi intende visualizzarle senza autorizzazione.<\/p>\n<p style=\"text-align: center;\">EN Srl a Socio Unico si attiene a tutte le misure di sicurezza descritte dalle leggi e dalle normative applicabili, e a tutte le misure adeguate secondo i criteri attualmente pi\u00f9 all\u2019avanguardia, per assicurare e garantire la riservatezza dei dati personali degli utenti, e ridurre al minimo, per quanto possibile, i pericoli costituiti dall\u2019accesso non autorizzato, dalla rimozione, perdita o dal danneggiamento dei dati personali degli utenti.<\/p>\n<p style=\"text-align: center;\">Modifiche<\/p>\n<p style=\"text-align: center;\">EN Srl\u00a0 si riserva il diritto di modificare o emendare, in qualsiasi momento, la presente Web Privacy Policy e Cookies ovunque pubblicata sul sito soprattutto in virt\u00f9 dell\u2019entrata in vigore di nuove normative di settore. Tutti gli utenti potranno verificare in qualsiasi momento collegandosi al sito l\u2019ultima versione della Web Privacy Policy e Cookies come di volta in volta aggiornata.<\/p>","protected":false},"excerpt":{"rendered":"<p>&nbsp; Trattamento dati personali Premesso che Elena di Cuori \u00e8 un prodotto servizio di En srl, ai sensi dell\u2019art. 13 del Regolamento Europeo n. 2016\/679 (di seguito anche GDPR), la societ\u00e0 EN srl, nella sua qualit\u00e0 di titolare del trattamento dei dati personali, nella persona del legale rappresentante, con sede&hellip;<\/p>","protected":false},"author":1,"featured_media":0,"parent":0,"menu_order":0,"comment_status":"closed","ping_status":"closed","template":"","meta":{"footnotes":""},"class_list":["post-4457","page","type-page","status-publish","hentry"],"jetpack-related-posts":[],"jetpack_sharing_enabled":true,"_links":{"self":[{"href":"https:\/\/elenadicuori.com\/en\/wp-json\/wp\/v2\/pages\/4457","targetHints":{"allow":["GET"]}}],"collection":[{"href":"https:\/\/elenadicuori.com\/en\/wp-json\/wp\/v2\/pages"}],"about":[{"href":"https:\/\/elenadicuori.com\/en\/wp-json\/wp\/v2\/types\/page"}],"author":[{"embeddable":true,"href":"https:\/\/elenadicuori.com\/en\/wp-json\/wp\/v2\/users\/1"}],"replies":[{"embeddable":true,"href":"https:\/\/elenadicuori.com\/en\/wp-json\/wp\/v2\/comments?post=4457"}],"version-history":[{"count":0,"href":"https:\/\/elenadicuori.com\/en\/wp-json\/wp\/v2\/pages\/4457\/revisions"}],"wp:attachment":[{"href":"https:\/\/elenadicuori.com\/en\/wp-json\/wp\/v2\/media?parent=4457"}],"curies":[{"name":"wp","href":"https:\/\/api.w.org\/{rel}","templated":true}]}}