{"id":6037,"date":"2025-03-21T17:27:12","date_gmt":"2025-03-21T17:27:12","guid":{"rendered":"https:\/\/elenadicuori.com\/?page_id=6037"},"modified":"2025-03-24T16:56:34","modified_gmt":"2025-03-24T16:56:34","slug":"tessuti","status":"publish","type":"page","link":"https:\/\/elenadicuori.com\/it\/tessuti\/","title":{"rendered":"TESSUTI"},"content":{"rendered":"\n<p class=\"has-text-align-center\">LEGGERI SULL&#8217;AMBIENTE E SULLA PELLE<\/p>\n\n\n\n<div class=\"wp-block-columns alignfull is-layout-flex wp-container-core-columns-is-layout-9d6595d7 wp-block-columns-is-layout-flex\">\n<div class=\"wp-block-column is-layout-flow wp-block-column-is-layout-flow\" style=\"flex-basis:50%\">\n<div class=\"wp-block-cover is-light\" style=\"min-height:600px;aspect-ratio:unset;\"><span aria-hidden=\"true\" class=\"wp-block-cover__background has-background-dim\" style=\"background-color:#f6f6f6\"><\/span><img data-recalc-dims=\"1\" decoding=\"async\" class=\"wp-block-cover__image-background wp-image-4227\" alt=\"\" src=\"https:\/\/i0.wp.com\/elenadicuori.com\/wp-content\/uploads\/2021\/12\/DSC_1496-scaled-e1638640369702.jpg?ssl=1\" data-object-fit=\"cover\"\/><div class=\"wp-block-cover__inner-container is-layout-flow wp-block-cover-is-layout-flow\">\n<p class=\"has-text-align-center has-large-font-size\"><a href=\"https:\/\/elenadicuori.com\/lingerie-esclusiva\/ricamato\/\" data-type=\"product_tag\" data-id=\"88\">SCOPRI<\/a><\/p>\n<\/div><\/div>\n<\/div>\n\n\n\n<div class=\"wp-block-column is-vertically-aligned-center is-layout-flow wp-block-column-is-layout-flow\" style=\"padding-top:1em;padding-right:1em;padding-bottom:1em;padding-left:1em\">\n<div class=\"wp-block-columns is-layout-flex wp-container-core-columns-is-layout-9d6595d7 wp-block-columns-is-layout-flex\">\n<div class=\"wp-block-column is-layout-flow wp-block-column-is-layout-flow\" style=\"flex-basis:320px\">\n<p class=\"has-small-font-size\" style=\"line-height:1.6\"><strong>TULLE RICAMATO<\/strong> <strong>CERTIFICATO OEKOTEX<\/strong><\/p>\n\n\n\n<p class=\"has-small-font-size\" style=\"line-height:1.6\">Il tulle ricamato che utilizziamo proviene da un\u2019azienda completamente italiana, fondata nel 1969, con una lunga esperienza nel settore tessile e della moda. I disegni dei ricami sono realizzati in Italia dalla designer Elena Novelletto, che li progetta con grande attenzione. Collaboriamo strettamente con l&#8217;azienda in ogni fase del processo, dalla creazione del disegno alla realizzazione del singolo ricamo. Il tulle ricamato ci consente di esprimere la nostra creativit\u00e0, conferendo al nostro brand un\u2019identit\u00e0 unica. Ogni disegno viene digitalizzato, inviato alla macchina per la realizzazione, e infine sottoposto a un rigoroso controllo qualit\u00e0 prima del confezionamento. I filati e il tulle utilizzati sono certificati Oeko-Tex, garantendo la massima sicurezza e sostenibilit\u00e0.<\/p>\n\n\n\n<p class=\"has-small-font-size\" style=\"line-height:1.6\"><strong>COTONE CERTIFICATO OEKOTEX<\/strong><\/p>\n\n\n\n<p class=\"has-small-font-size\" style=\"line-height:1.6\">Scegliamo cotone certificato Oeko-Tex, che assicura l&#8217;assenza di sostanze chimiche dannose e rispetta gli elevati standard di sostenibilit\u00e0. Questo garantisce un prodotto che \u00e8 sicuro, ipoallergenico e delicato sulla pelle sensibile.<\/p>\n<\/div>\n<\/div>\n\n\n\n<figure class=\"wp-block-image size-full is-resized\"><img decoding=\"async\" width=\"440\" height=\"224\" src=\"https:\/\/elenadicuori.com\/wp-content\/uploads\/2025\/03\/a5079b_18261b17d4d74bc28904a7c763f4bd3amv2.jpg-2.avif\" alt=\"\" class=\"wp-image-6101\" style=\"width:162px;height:auto\"\/><\/figure>\n<\/div>\n<\/div>\n\n\n\n<div class=\"wp-block-columns alignfull is-layout-flex wp-container-core-columns-is-layout-9d6595d7 wp-block-columns-is-layout-flex\">\n<div class=\"wp-block-column is-layout-flow wp-block-column-is-layout-flow\" style=\"flex-basis:50%\">\n<div class=\"wp-block-cover is-light\" style=\"min-height:600px;aspect-ratio:unset;\"><span aria-hidden=\"true\" class=\"wp-block-cover__background has-background-dim\" style=\"background-color:#af9692\"><\/span><img data-recalc-dims=\"1\" decoding=\"async\" class=\"wp-block-cover__image-background wp-image-6057\" alt=\"\" src=\"https:\/\/i0.wp.com\/elenadicuori.com\/wp-content\/uploads\/2025\/03\/JASMINE-FOTO-scaled-edited.jpg?ssl=1\" data-object-fit=\"cover\"\/><div class=\"wp-block-cover__inner-container is-layout-flow wp-block-cover-is-layout-flow\">\n<p class=\"has-text-align-center has-large-font-size\"><a href=\"https:\/\/elenadicuori.com\/lingerie-made-in-italy\/pizzo\/\" data-type=\"product_cat\" data-id=\"99\">SCOPRI<\/a><\/p>\n<\/div><\/div>\n<\/div>\n\n\n\n<div class=\"wp-block-column is-vertically-aligned-center is-layout-flow wp-block-column-is-layout-flow\" style=\"padding-top:1em;padding-right:1em;padding-bottom:1em;padding-left:1em\">\n<div class=\"wp-block-columns is-layout-flex wp-container-core-columns-is-layout-9d6595d7 wp-block-columns-is-layout-flex\">\n<div class=\"wp-block-column is-layout-flow wp-block-column-is-layout-flow\" style=\"flex-basis:320px\">\n<p class=\"has-small-font-size\" style=\"line-height:1.6\"><strong>PIZZO<\/strong><\/p>\n\n\n\n<p class=\"has-small-font-size\" style=\"line-height:1.6\">Utilizziamo pizzi pregiati francesi, riconosciuti dal marchio &#8220;Dentelle de Calais-Caudry\u00ae&#8221;, che rappresenta l&#8217;eccellenza di una tradizione secolare. Il pizzo &#8220;Dentelle de Calais-Caudry\u00ae&#8221; non \u00e8 solo un simbolo di eleganza e raffinatezza, ma anche di una tradizione artigianale che si tramanda da generazioni. Realizzato con grande maestria e attenzione ai dettagli, questo pizzo viene tessuto a mano utilizzando i tradizionali telai Leavers, che garantiscono una qualit\u00e0 senza pari e una texture unica. Inoltre, la produzione di questo pizzo si distingue per la sua sostenibilit\u00e0. Le manifatture di Calais e Caudry, da cui proviene, sono impegnate a rispettare l\u2019ambiente, utilizzando tecniche di produzione che minimizzano gli sprechi e riducono l\u2019impatto ambientale. L&#8217;uso dei telai Leavers, sebbene tradizionale, \u00e8 anche un approccio che promuove la durabilit\u00e0 del materiale, evitando la produzione di scarti e garantendo la longevit\u00e0 dei tessuti.<\/p>\n\n\n\n<p><\/p>\n\n\n\n<figure class=\"wp-block-image size-full is-resized\"><img data-recalc-dims=\"1\" decoding=\"async\" width=\"307\" height=\"164\" src=\"https:\/\/i0.wp.com\/elenadicuori.com\/wp-content\/uploads\/2025\/03\/Unknown-2.png?resize=307%2C164&#038;ssl=1\" alt=\"\" class=\"wp-image-6104\" style=\"width:118px;height:auto\" srcset=\"https:\/\/i0.wp.com\/elenadicuori.com\/wp-content\/uploads\/2025\/03\/Unknown-2.png?w=307&amp;ssl=1 307w, https:\/\/i0.wp.com\/elenadicuori.com\/wp-content\/uploads\/2025\/03\/Unknown-2.png?resize=300%2C160&amp;ssl=1 300w, https:\/\/i0.wp.com\/elenadicuori.com\/wp-content\/uploads\/2025\/03\/Unknown-2.png?resize=18%2C10&amp;ssl=1 18w, https:\/\/i0.wp.com\/elenadicuori.com\/wp-content\/uploads\/2025\/03\/Unknown-2.png?resize=150%2C80&amp;ssl=1 150w\" sizes=\"(max-width: 307px) 100vw, 307px\" \/><\/figure>\n<\/div>\n<\/div>\n<\/div>\n<\/div>\n\n\n\n<p><\/p>\n","protected":false},"excerpt":{"rendered":"<p>LEGGERI SULL&#8217;AMBIENTE E SULLA PELLE TULLE RICAMATO CERTIFICATO OEKOTEX Il tulle ricamato che utilizziamo proviene da un\u2019azienda completamente italiana, fondata nel 1969, con una lunga esperienza nel settore tessile e della moda. I disegni dei ricami sono realizzati in Italia dalla designer Elena Novelletto, che li progetta con grande attenzione.&hellip;<\/p>\n","protected":false},"author":60,"featured_media":0,"parent":0,"menu_order":0,"comment_status":"closed","ping_status":"closed","template":"","meta":{"footnotes":""},"class_list":["post-6037","page","type-page","status-publish","hentry"],"jetpack-related-posts":[],"jetpack_sharing_enabled":true,"_links":{"self":[{"href":"https:\/\/elenadicuori.com\/it\/wp-json\/wp\/v2\/pages\/6037","targetHints":{"allow":["GET"]}}],"collection":[{"href":"https:\/\/elenadicuori.com\/it\/wp-json\/wp\/v2\/pages"}],"about":[{"href":"https:\/\/elenadicuori.com\/it\/wp-json\/wp\/v2\/types\/page"}],"author":[{"embeddable":true,"href":"https:\/\/elenadicuori.com\/it\/wp-json\/wp\/v2\/users\/60"}],"replies":[{"embeddable":true,"href":"https:\/\/elenadicuori.com\/it\/wp-json\/wp\/v2\/comments?post=6037"}],"version-history":[{"count":10,"href":"https:\/\/elenadicuori.com\/it\/wp-json\/wp\/v2\/pages\/6037\/revisions"}],"predecessor-version":[{"id":6110,"href":"https:\/\/elenadicuori.com\/it\/wp-json\/wp\/v2\/pages\/6037\/revisions\/6110"}],"wp:attachment":[{"href":"https:\/\/elenadicuori.com\/it\/wp-json\/wp\/v2\/media?parent=6037"}],"curies":[{"name":"wp","href":"https:\/\/api.w.org\/{rel}","templated":true}]}}