{"id":6389,"date":"2025-04-03T13:56:08","date_gmt":"2025-04-03T13:56:08","guid":{"rendered":"https:\/\/elenadicuori.com\/?page_id=6389"},"modified":"2025-05-15T14:56:59","modified_gmt":"2025-05-15T14:56:59","slug":"recensioni","status":"publish","type":"page","link":"https:\/\/elenadicuori.com\/it\/recensioni\/","title":{"rendered":"Dicono di noi"},"content":{"rendered":"\n<p class=\"has-text-align-center\">Ogni capo Elena Di Cuori nasce per celebrare la femminilit\u00e0 autentica, quella che si esprime nel silenzio di uno sguardo o nella bellezza di un dettaglio. <\/p>\n\n\n\n<p class=\"has-text-align-center\">In questa pagina trovi le parole e le immagini reali di chi ha indossato la nostra lingerie e ha voluto raccontare la propria esperienza. Sono recensioni spontanee, arrivate da clienti e da blogger che hanno acquistato e condiviso con noi le loro emozioni.<\/p>\n\n\n\n<div class=\"wp-block-group alignwide is-content-justification-center\" style=\"margin-top:0;margin-bottom:0;padding-top:calc( 0.5 * var(--wp--style--root--padding-right, var(--wp--custom--gap--horizontal)));padding-right:var(--wp--style--root--padding-right, var(--wp--custom--gap--horizontal));padding-bottom:calc( 0.5 * var(--wp--style--root--padding-right, var(--wp--custom--gap--horizontal)));padding-left:var(--wp--style--root--padding-left, var(--wp--custom--gap--horizontal))\"><div class=\"wp-block-group__inner-container is-layout-constrained wp-container-core-group-is-layout-fa340856 wp-block-group-is-layout-constrained\">\n<div style=\"height:calc( 0.25 * var(--wp--style--root--padding-right, var(--wp--custom--gap--horizontal)))\" aria-hidden=\"true\" class=\"wp-block-spacer\"><\/div>\n\n\n\n<h2 class=\"wp-block-heading has-text-align-center\">Recensioni delle blogger<\/h2>\n<\/div><\/div>\n\n\n\n<p><\/p>\n\n\n\n<div class=\"wp-block-group alignwide is-content-justification-center\" style=\"margin-top:0;margin-bottom:0;padding-top:calc( 0.5 * var(--wp--style--root--padding-right, var(--wp--custom--gap--horizontal)));padding-right:var(--wp--style--root--padding-right, var(--wp--custom--gap--horizontal));padding-bottom:calc( 0.5 * var(--wp--style--root--padding-right, var(--wp--custom--gap--horizontal)));padding-left:var(--wp--style--root--padding-left, var(--wp--custom--gap--horizontal))\"><div class=\"wp-block-group__inner-container is-layout-constrained wp-container-core-group-is-layout-fa340856 wp-block-group-is-layout-constrained\">\n<p><\/p>\n\n\n\n<div class=\"wp-block-columns is-layout-flex wp-container-core-columns-is-layout-9d6595d7 wp-block-columns-is-layout-flex\">\n<div class=\"wp-block-column is-layout-flow wp-block-column-is-layout-flow\"><div class=\"wp-block-image\">\n<figure class=\"alignleft size-full is-resized\"><img data-recalc-dims=\"1\" decoding=\"async\" width=\"800\" height=\"610\" src=\"https:\/\/i0.wp.com\/elenadicuori.com\/wp-content\/uploads\/2025\/04\/Estelle-Puleston-Esty-Lingerie.jpg?resize=800%2C610&#038;ssl=1\" alt=\"\" class=\"wp-image-6422\" style=\"width:133px;height:auto\" srcset=\"https:\/\/i0.wp.com\/elenadicuori.com\/wp-content\/uploads\/2025\/04\/Estelle-Puleston-Esty-Lingerie.jpg?w=800&amp;ssl=1 800w, https:\/\/i0.wp.com\/elenadicuori.com\/wp-content\/uploads\/2025\/04\/Estelle-Puleston-Esty-Lingerie.jpg?resize=300%2C229&amp;ssl=1 300w, https:\/\/i0.wp.com\/elenadicuori.com\/wp-content\/uploads\/2025\/04\/Estelle-Puleston-Esty-Lingerie.jpg?resize=768%2C586&amp;ssl=1 768w, https:\/\/i0.wp.com\/elenadicuori.com\/wp-content\/uploads\/2025\/04\/Estelle-Puleston-Esty-Lingerie.jpg?resize=16%2C12&amp;ssl=1 16w, https:\/\/i0.wp.com\/elenadicuori.com\/wp-content\/uploads\/2025\/04\/Estelle-Puleston-Esty-Lingerie.jpg?resize=150%2C114&amp;ssl=1 150w\" sizes=\"(max-width: 800px) 100vw, 800px\" \/><\/figure>\n<\/div>\n\n\n<p><strong>Estelle Puleston<\/strong><\/p>\n\n\n\n<p class=\"has-text-align-left is-testimonial-review\">Esty Lingerie blog<\/p>\n\n\n\n<p><\/p>\n\n\n\n<p class=\"has-text-align-left is-testimonial-review\"><strong>&#8220;Dagli elastici rivestiti in seta agli accesori in nichel free selezionati con cura, fino ai gioielli in oro e diamanti, questa non \u00e8 semplicemente lingerie di fascia media che si spaccia per lusso. \u00c8 davvero il massimo della qualit\u00e0!&#8221;<\/strong><\/p>\n\n\n\n<p class=\"has-text-align-left\">Leggi la recensione completa<\/p>\n\n\n\n<div class=\"wp-block-buttons is-layout-flex wp-block-buttons-is-layout-flex\">\n<div class=\"wp-block-button\"><a class=\"wp-block-button__link has-text-align-center wp-element-button\" href=\"https:\/\/estylingerie.com\/2021\/01\/14\/introducing-elena-di-cuori-luxury-italian-lingerie\/\">SCOPRI<\/a><\/div>\n<\/div>\n<\/div>\n\n\n\n<div class=\"wp-block-column is-layout-flow wp-block-column-is-layout-flow\"><div class=\"wp-block-image\">\n<figure class=\"alignleft size-full is-resized\"><img data-recalc-dims=\"1\" decoding=\"async\" width=\"796\" height=\"900\" src=\"https:\/\/i0.wp.com\/elenadicuori.com\/wp-content\/uploads\/2025\/04\/111111111.jpg?resize=796%2C900&#038;ssl=1\" alt=\"\" class=\"wp-image-6423\" style=\"width:94px;height:auto\" srcset=\"https:\/\/i0.wp.com\/elenadicuori.com\/wp-content\/uploads\/2025\/04\/111111111.jpg?w=796&amp;ssl=1 796w, https:\/\/i0.wp.com\/elenadicuori.com\/wp-content\/uploads\/2025\/04\/111111111.jpg?resize=265%2C300&amp;ssl=1 265w, https:\/\/i0.wp.com\/elenadicuori.com\/wp-content\/uploads\/2025\/04\/111111111.jpg?resize=768%2C868&amp;ssl=1 768w, https:\/\/i0.wp.com\/elenadicuori.com\/wp-content\/uploads\/2025\/04\/111111111.jpg?resize=11%2C12&amp;ssl=1 11w, https:\/\/i0.wp.com\/elenadicuori.com\/wp-content\/uploads\/2025\/04\/111111111.jpg?resize=133%2C150&amp;ssl=1 133w\" sizes=\"(max-width: 796px) 100vw, 796px\" \/><\/figure>\n<\/div>\n\n\n<p><strong>Ting<\/strong><\/p>\n\n\n\n<p class=\"has-text-align-left is-testimonial-review\">Ting&#8217;s Lingerie box<\/p>\n\n\n\n<p><\/p>\n\n\n\n<p class=\"has-text-align-left is-testimonial-review\"><strong>&#8220;Elena di Cuori \u00e8 dove il lusso incontra la sensualit\u00e0 audace\u2014ogni pezzo \u00e8 una testimonianza dell&#8217;artigianato italiano, con ricami delicati e materiali pregiati che fanno una dichiarazione potente.&#8221;<\/strong><\/p>\n\n\n\n<p class=\"has-text-align-left\">Leggi la recensione completa<\/p>\n\n\n\n<div class=\"wp-block-buttons is-layout-flex wp-block-buttons-is-layout-flex\">\n<div class=\"wp-block-button\"><a class=\"wp-block-button__link has-text-align-center wp-element-button\" href=\"https:\/\/tingslingeriebox.pixnet.net\/blog\/post\/30815902\">SCOPRI<\/a><\/div>\n<\/div>\n<\/div>\n<\/div>\n\n\n\n<div style=\"height:calc( 0.25 * var(--wp--style--root--padding-right, var(--wp--custom--gap--horizontal)))\" aria-hidden=\"true\" class=\"wp-block-spacer\"><\/div>\n\n\n\n<div class=\"wp-block-columns alignwide is-layout-flex wp-container-core-columns-is-layout-9d6595d7 wp-block-columns-is-layout-flex\">\n<div class=\"wp-block-column is-layout-flow wp-block-column-is-layout-flow\" style=\"padding-top:var(--wp--preset--spacing--10);padding-right:var(--wp--preset--spacing--10);padding-bottom:var(--wp--preset--spacing--10);padding-left:var(--wp--preset--spacing--10)\"><\/div>\n\n\n\n<div class=\"wp-block-column is-layout-flow wp-block-column-is-layout-flow\" style=\"padding-top:var(--wp--preset--spacing--10);padding-right:var(--wp--preset--spacing--10);padding-bottom:var(--wp--preset--spacing--10);padding-left:var(--wp--preset--spacing--10)\"><\/div>\n<\/div>\n\n\n\n<div style=\"height:calc( 0.25 * var(--wp--style--root--padding-right, var(--wp--custom--gap--horizontal)))\" aria-hidden=\"true\" class=\"wp-block-spacer\"><\/div>\n<\/div><\/div>\n\n\n\n\n\n<figure data-wp-context=\"{&quot;imageId&quot;:&quot;69e43d3e346c9&quot;}\" data-wp-interactive=\"core\/image\" data-wp-key=\"69e43d3e346c9\" class=\"wp-block-image size-large is-resized wp-lightbox-container\"><img data-recalc-dims=\"1\" decoding=\"async\" width=\"713\" height=\"1024\" data-wp-class--hide=\"state.isContentHidden\" data-wp-class--show=\"state.isContentVisible\" data-wp-init=\"callbacks.setButtonStyles\" data-wp-on--click=\"actions.showLightbox\" data-wp-on--load=\"callbacks.setButtonStyles\" data-wp-on-window--resize=\"callbacks.setButtonStyles\" src=\"https:\/\/i0.wp.com\/elenadicuori.com\/wp-content\/uploads\/2025\/04\/recensioni-clienti-grande--e1743692806321-713x1024.jpg?resize=713%2C1024&#038;ssl=1\" alt=\"\" class=\"wp-image-6406\" style=\"width:731px;height:auto\"\/><button\n\t\t\tclass=\"lightbox-trigger\"\n\t\t\ttype=\"button\"\n\t\t\taria-haspopup=\"dialog\"\n\t\t\taria-label=\"Ingrandisci\"\n\t\t\tdata-wp-init=\"callbacks.initTriggerButton\"\n\t\t\tdata-wp-on--click=\"actions.showLightbox\"\n\t\t\tdata-wp-style--right=\"state.imageButtonRight\"\n\t\t\tdata-wp-style--top=\"state.imageButtonTop\"\n\t\t>\n\t\t\t<svg xmlns=\"http:\/\/www.w3.org\/2000\/svg\" width=\"12\" height=\"12\" fill=\"none\" viewBox=\"0 0 12 12\">\n\t\t\t\t<path fill=\"#fff\" d=\"M2 0a2 2 0 0 0-2 2v2h1.5V2a.5.5 0 0 1 .5-.5h2V0H2Zm2 10.5H2a.5.5 0 0 1-.5-.5V8H0v2a2 2 0 0 0 2 2h2v-1.5ZM8 12v-1.5h2a.5.5 0 0 0 .5-.5V8H12v2a2 2 0 0 1-2 2H8Zm2-12a2 2 0 0 1 2 2v2h-1.5V2a.5.5 0 0 0-.5-.5H8V0h2Z\" \/>\n\t\t\t<\/svg>\n\t\t<\/button><\/figure>\n\n\n\n<figure data-wp-context=\"{&quot;imageId&quot;:&quot;69e43d3e35c6c&quot;}\" data-wp-interactive=\"core\/image\" data-wp-key=\"69e43d3e35c6c\" class=\"wp-block-image size-large is-resized wp-lightbox-container\"><img data-recalc-dims=\"1\" decoding=\"async\" width=\"585\" height=\"1024\" data-wp-class--hide=\"state.isContentHidden\" data-wp-class--show=\"state.isContentVisible\" data-wp-init=\"callbacks.setButtonStyles\" data-wp-on--click=\"actions.showLightbox\" data-wp-on--load=\"callbacks.setButtonStyles\" data-wp-on-window--resize=\"callbacks.setButtonStyles\" src=\"https:\/\/i0.wp.com\/elenadicuori.com\/wp-content\/uploads\/2025\/04\/recensioni-2-clienti--e1743692835284-585x1024.jpg?resize=585%2C1024&#038;ssl=1\" alt=\"\" class=\"wp-image-6410\" style=\"width:915px;height:auto\"\/><button\n\t\t\tclass=\"lightbox-trigger\"\n\t\t\ttype=\"button\"\n\t\t\taria-haspopup=\"dialog\"\n\t\t\taria-label=\"Ingrandisci\"\n\t\t\tdata-wp-init=\"callbacks.initTriggerButton\"\n\t\t\tdata-wp-on--click=\"actions.showLightbox\"\n\t\t\tdata-wp-style--right=\"state.imageButtonRight\"\n\t\t\tdata-wp-style--top=\"state.imageButtonTop\"\n\t\t>\n\t\t\t<svg xmlns=\"http:\/\/www.w3.org\/2000\/svg\" width=\"12\" height=\"12\" fill=\"none\" viewBox=\"0 0 12 12\">\n\t\t\t\t<path fill=\"#fff\" d=\"M2 0a2 2 0 0 0-2 2v2h1.5V2a.5.5 0 0 1 .5-.5h2V0H2Zm2 10.5H2a.5.5 0 0 1-.5-.5V8H0v2a2 2 0 0 0 2 2h2v-1.5ZM8 12v-1.5h2a.5.5 0 0 0 .5-.5V8H12v2a2 2 0 0 1-2 2H8Zm2-12a2 2 0 0 1 2 2v2h-1.5V2a.5.5 0 0 0-.5-.5H8V0h2Z\" \/>\n\t\t\t<\/svg>\n\t\t<\/button><\/figure>\n\n\n\n<figure data-wp-context=\"{&quot;imageId&quot;:&quot;69e43d3e365a4&quot;}\" data-wp-interactive=\"core\/image\" data-wp-key=\"69e43d3e365a4\" class=\"wp-block-image size-large is-resized wp-lightbox-container\"><img data-recalc-dims=\"1\" decoding=\"async\" width=\"531\" height=\"1024\" data-wp-class--hide=\"state.isContentHidden\" data-wp-class--show=\"state.isContentVisible\" data-wp-init=\"callbacks.setButtonStyles\" data-wp-on--click=\"actions.showLightbox\" data-wp-on--load=\"callbacks.setButtonStyles\" data-wp-on-window--resize=\"callbacks.setButtonStyles\" src=\"https:\/\/i0.wp.com\/elenadicuori.com\/wp-content\/uploads\/2025\/04\/recensioni-clienti-4.jpg?resize=531%2C1024&#038;ssl=1\" alt=\"\" class=\"wp-image-6418\" style=\"width:915px;height:auto\"\/><button\n\t\t\tclass=\"lightbox-trigger\"\n\t\t\ttype=\"button\"\n\t\t\taria-haspopup=\"dialog\"\n\t\t\taria-label=\"Ingrandisci\"\n\t\t\tdata-wp-init=\"callbacks.initTriggerButton\"\n\t\t\tdata-wp-on--click=\"actions.showLightbox\"\n\t\t\tdata-wp-style--right=\"state.imageButtonRight\"\n\t\t\tdata-wp-style--top=\"state.imageButtonTop\"\n\t\t>\n\t\t\t<svg xmlns=\"http:\/\/www.w3.org\/2000\/svg\" width=\"12\" height=\"12\" fill=\"none\" viewBox=\"0 0 12 12\">\n\t\t\t\t<path fill=\"#fff\" d=\"M2 0a2 2 0 0 0-2 2v2h1.5V2a.5.5 0 0 1 .5-.5h2V0H2Zm2 10.5H2a.5.5 0 0 1-.5-.5V8H0v2a2 2 0 0 0 2 2h2v-1.5ZM8 12v-1.5h2a.5.5 0 0 0 .5-.5V8H12v2a2 2 0 0 1-2 2H8Zm2-12a2 2 0 0 1 2 2v2h-1.5V2a.5.5 0 0 0-.5-.5H8V0h2Z\" \/>\n\t\t\t<\/svg>\n\t\t<\/button><\/figure>\n\n\n\n<figure data-wp-context=\"{&quot;imageId&quot;:&quot;69e43d3e37125&quot;}\" data-wp-interactive=\"core\/image\" data-wp-key=\"69e43d3e37125\" class=\"wp-block-image size-large wp-lightbox-container\"><img data-recalc-dims=\"1\" decoding=\"async\" width=\"1024\" height=\"833\" data-wp-class--hide=\"state.isContentHidden\" data-wp-class--show=\"state.isContentVisible\" data-wp-init=\"callbacks.setButtonStyles\" data-wp-on--click=\"actions.showLightbox\" data-wp-on--load=\"callbacks.setButtonStyles\" data-wp-on-window--resize=\"callbacks.setButtonStyles\" src=\"https:\/\/i0.wp.com\/elenadicuori.com\/wp-content\/uploads\/2025\/05\/foto-recensioni-.png?resize=1024%2C833&#038;ssl=1\" alt=\"\" class=\"wp-image-6601\" srcset=\"https:\/\/i0.wp.com\/elenadicuori.com\/wp-content\/uploads\/2025\/05\/foto-recensioni--scaled.png?resize=1024%2C833&amp;ssl=1 1024w, https:\/\/i0.wp.com\/elenadicuori.com\/wp-content\/uploads\/2025\/05\/foto-recensioni--scaled.png?resize=300%2C244&amp;ssl=1 300w, https:\/\/i0.wp.com\/elenadicuori.com\/wp-content\/uploads\/2025\/05\/foto-recensioni--scaled.png?resize=768%2C625&amp;ssl=1 768w, https:\/\/i0.wp.com\/elenadicuori.com\/wp-content\/uploads\/2025\/05\/foto-recensioni--scaled.png?resize=1536%2C1250&amp;ssl=1 1536w, https:\/\/i0.wp.com\/elenadicuori.com\/wp-content\/uploads\/2025\/05\/foto-recensioni--scaled.png?resize=2048%2C1666&amp;ssl=1 2048w, https:\/\/i0.wp.com\/elenadicuori.com\/wp-content\/uploads\/2025\/05\/foto-recensioni--scaled.png?resize=15%2C12&amp;ssl=1 15w, https:\/\/i0.wp.com\/elenadicuori.com\/wp-content\/uploads\/2025\/05\/foto-recensioni--scaled.png?resize=150%2C122&amp;ssl=1 150w, https:\/\/i0.wp.com\/elenadicuori.com\/wp-content\/uploads\/2025\/05\/foto-recensioni--scaled.png?resize=900%2C732&amp;ssl=1 900w\" sizes=\"(max-width: 1000px) 100vw, 1000px\" \/><button\n\t\t\tclass=\"lightbox-trigger\"\n\t\t\ttype=\"button\"\n\t\t\taria-haspopup=\"dialog\"\n\t\t\taria-label=\"Ingrandisci\"\n\t\t\tdata-wp-init=\"callbacks.initTriggerButton\"\n\t\t\tdata-wp-on--click=\"actions.showLightbox\"\n\t\t\tdata-wp-style--right=\"state.imageButtonRight\"\n\t\t\tdata-wp-style--top=\"state.imageButtonTop\"\n\t\t>\n\t\t\t<svg xmlns=\"http:\/\/www.w3.org\/2000\/svg\" width=\"12\" height=\"12\" fill=\"none\" viewBox=\"0 0 12 12\">\n\t\t\t\t<path fill=\"#fff\" d=\"M2 0a2 2 0 0 0-2 2v2h1.5V2a.5.5 0 0 1 .5-.5h2V0H2Zm2 10.5H2a.5.5 0 0 1-.5-.5V8H0v2a2 2 0 0 0 2 2h2v-1.5ZM8 12v-1.5h2a.5.5 0 0 0 .5-.5V8H12v2a2 2 0 0 1-2 2H8Zm2-12a2 2 0 0 1 2 2v2h-1.5V2a.5.5 0 0 0-.5-.5H8V0h2Z\" \/>\n\t\t\t<\/svg>\n\t\t<\/button><\/figure>\n\n\n\n<p class=\"has-text-align-center\">Ogni donna merita di sentirsi a proprio agio nella propria pelle. La lingerie Elena Di Cuori \u00e8 pensata per questo: celebrare chi sei, senza compromessi<\/p>\n\n\n\n<div class=\"wp-block-buttons is-layout-flex wp-block-buttons-is-layout-flex\">\n<div class=\"wp-block-button\"><a class=\"wp-block-button__link has-text-align-center wp-element-button\" href=\"https:\/\/elenadicuori.com\/it\/lingerie-made-in-italy\/intimo\/\">Scopri la collezione di lingerie<\/a><\/div>\n<\/div>\n\n\n\n<p><\/p>\n","protected":false},"excerpt":{"rendered":"<p>Ogni capo Elena Di Cuori nasce per celebrare la femminilit\u00e0 autentica, quella che si esprime nel silenzio di uno sguardo o nella bellezza di un dettaglio. In questa pagina trovi le parole e le immagini reali di chi ha indossato la nostra lingerie e ha voluto raccontare la propria esperienza.&hellip;<\/p>\n","protected":false},"author":60,"featured_media":0,"parent":0,"menu_order":0,"comment_status":"closed","ping_status":"closed","template":"","meta":{"footnotes":""},"class_list":["post-6389","page","type-page","status-publish","hentry"],"jetpack-related-posts":[],"jetpack_sharing_enabled":true,"_links":{"self":[{"href":"https:\/\/elenadicuori.com\/it\/wp-json\/wp\/v2\/pages\/6389","targetHints":{"allow":["GET"]}}],"collection":[{"href":"https:\/\/elenadicuori.com\/it\/wp-json\/wp\/v2\/pages"}],"about":[{"href":"https:\/\/elenadicuori.com\/it\/wp-json\/wp\/v2\/types\/page"}],"author":[{"embeddable":true,"href":"https:\/\/elenadicuori.com\/it\/wp-json\/wp\/v2\/users\/60"}],"replies":[{"embeddable":true,"href":"https:\/\/elenadicuori.com\/it\/wp-json\/wp\/v2\/comments?post=6389"}],"version-history":[{"count":44,"href":"https:\/\/elenadicuori.com\/it\/wp-json\/wp\/v2\/pages\/6389\/revisions"}],"predecessor-version":[{"id":6629,"href":"https:\/\/elenadicuori.com\/it\/wp-json\/wp\/v2\/pages\/6389\/revisions\/6629"}],"wp:attachment":[{"href":"https:\/\/elenadicuori.com\/it\/wp-json\/wp\/v2\/media?parent=6389"}],"curies":[{"name":"wp","href":"https:\/\/api.w.org\/{rel}","templated":true}]}}