{"id":4936,"date":"2022-05-22T11:19:53","date_gmt":"2022-05-22T11:19:53","guid":{"rendered":"https:\/\/elenadicuori.com\/?post_type=product&#038;p=4936"},"modified":"2025-10-08T16:49:07","modified_gmt":"2025-10-08T16:49:07","slug":"perizoma-tulle-ricamato-lusso-made-in-italy","status":"publish","type":"product","link":"https:\/\/elenadicuori.com\/it\/it\/eu\/perizoma-tulle-ricamato-lusso-made-in-italy\/","title":{"rendered":"Ofelia Perizoma"},"content":{"rendered":"<p>-interno in cotone<\/p>\n<p>-Made in Italy<\/p>\n<div class=\"dePhmb\">\n<div class=\"eyKpYb\" data-language=\"en\" data-original-language=\"it\" data-result-index=\"0\">\n<div class=\"J0lOec\"><span class=\"VIiyi\" lang=\"en\"><span class=\"JLqJ4b ChMk0b\" data-language-for-alternatives=\"en\" data-language-to-translate-into=\"it\" data-phrase-index=\"0\"><span class=\"JLqJ4b\" data-language-for-alternatives=\"en\" data-language-to-translate-into=\"it\" data-phrase-index=\"1\">80% poliammide, 10% seta, 10% elastane<\/span><\/span><\/span><\/div>\n<\/div>\n<\/div>\n","protected":false},"excerpt":{"rendered":"<p>Perizoma in tulle con motivo &#8216;Elena Di Cuori&#8217; ricamato, un capolavoro realizzato con materiali di altissima qualit\u00e0, presenta elastici rivestiti in raso di seta stretch per una vestibilit\u00e0 lussuosa e confortevole. Perfetto per chi cerca un tocco di eleganza e sensualit\u00e0, questo capo Made in Italy combina artigianalit\u00e0 e design esclusivo per esaltare la femminilit\u00e0 in modo raffinato.<\/p>\n","protected":false},"featured_media":4937,"comment_status":"open","ping_status":"closed","template":"","meta":[],"product_brand":[],"product_cat":[72,71],"product_tag":[],"class_list":{"0":"post-4936","1":"product","2":"type-product","3":"status-publish","4":"has-post-thumbnail","6":"product_cat-intimo","7":"product_cat-slip","9":"first","10":"instock","11":"shipping-taxable","12":"purchasable","13":"product-type-variable"},"jetpack-related-posts":[],"jetpack_sharing_enabled":true,"_links":{"self":[{"href":"https:\/\/elenadicuori.com\/it\/wp-json\/wp\/v2\/product\/4936","targetHints":{"allow":["GET"]}}],"collection":[{"href":"https:\/\/elenadicuori.com\/it\/wp-json\/wp\/v2\/product"}],"about":[{"href":"https:\/\/elenadicuori.com\/it\/wp-json\/wp\/v2\/types\/product"}],"replies":[{"embeddable":true,"href":"https:\/\/elenadicuori.com\/it\/wp-json\/wp\/v2\/comments?post=4936"}],"wp:featuredmedia":[{"embeddable":true,"href":"https:\/\/elenadicuori.com\/it\/wp-json\/wp\/v2\/media\/4937"}],"wp:attachment":[{"href":"https:\/\/elenadicuori.com\/it\/wp-json\/wp\/v2\/media?parent=4936"}],"wp:term":[{"taxonomy":"product_brand","embeddable":true,"href":"https:\/\/elenadicuori.com\/it\/wp-json\/wp\/v2\/product_brand?post=4936"},{"taxonomy":"product_cat","embeddable":true,"href":"https:\/\/elenadicuori.com\/it\/wp-json\/wp\/v2\/product_cat?post=4936"},{"taxonomy":"product_tag","embeddable":true,"href":"https:\/\/elenadicuori.com\/it\/wp-json\/wp\/v2\/product_tag?post=4936"}],"curies":[{"name":"wp","href":"https:\/\/api.w.org\/{rel}","templated":true}]}}