{"id":6538,"date":"2025-05-06T16:29:55","date_gmt":"2025-05-06T16:29:55","guid":{"rendered":"https:\/\/elenadicuori.com\/?post_type=product&#038;p=6538"},"modified":"2026-03-03T17:37:35","modified_gmt":"2026-03-03T17:37:35","slug":"la-scala-pochette","status":"publish","type":"product","link":"https:\/\/elenadicuori.com\/it\/it\/eu\/la-scala-pochette\/","title":{"rendered":"La Scala &#8211; Pochette"},"content":{"rendered":"<p>Lunghezza 23,5 cm x Altezza 13 cm x Larghezza 3,5 cm<\/p>\n<ul>\n<li>Ricamo Monogramma esterno<\/li>\n<li>Fodera in poliestere<\/li>\n<li>Parti metalliche dorate<\/li>\n<li>Chiusura con bottone a pressione<\/li>\n<li>sei fessure per carte di credito<\/li>\n<li>Tasca piatta esterna<\/li>\n<li>Colore: Nero<\/li>\n<li>Catenella: rimovibile<\/li>\n<li>Made in Italy<\/li>\n<\/ul>\n<p><strong>CARATTERISTICHE PELLE<\/strong><\/p>\n<p>Questa borsa \u00e8 realizzata in nappa di pieno fiore,\u00a0una delle pelli pi\u00f9 pregiate e ricercate per la pelletteria di lusso. La pelle di bovino, lavorata con una finitura semi-anilina, conserva la sua grana naturale, conferendo al prodotto un aspetto raffinato e una texture morbida al tatto. La combinazione di qualit\u00e0 e trattamento conferisce alla borsa una resistenza superiore e una durabilit\u00e0 eccezionale, mantenendo nel contempo una sensazione calda e accogliente, che si evolve con l\u2019uso, acquisendo carattere nel tempo. Un vero piacere per i sensi, perfetta per chi cerca un accessorio elegante e resistente.<\/p>\n<p><a href=\"https:\/\/elenadicuori.com\/pellami\/\">CERTIFICAZIONI\u00a0<\/a><\/p>\n<p>&nbsp;<\/p>\n","protected":false},"excerpt":{"rendered":"<p class=\"\" data-start=\"104\" data-end=\"847\">La Scala \u00e8 una pochette a portafoglio che unisce stile senza tempo e funzionalit\u00e0, ispirata al prestigioso Teatro alla Scala di Milano. Realizzata a mano in pelle nera di alta qualit\u00e0, \u00e8 un accessorio sofisticato, perfetto per ogni occasione. Il colore nero, profondo e versatile, esalta la linea elegante della borsa, rendendola un classico intramontabile. Il ricamo iconico Elena Di Cuori impreziosisce l\u2019esterno con un tocco distintivo. La chiusura con bottone a pressione rivela un interno ben organizzato con sei fessure in pelle per carte e tessere. La tasca piatta sul retro \u00e8 ideale per gli oggetti da tenere sempre a portata di mano. La catenella dorata, rimovibile, permette di portarla a mano o a tracolla, secondo il proprio stile.<\/p>\n<p><a href=\"https:\/\/elenadicuori.com\/it\/sostenibilita-2\/\"><strong><img decoding=\"async\" class=\"alignnone wp-image-6221\" src=\"https:\/\/elenadicuori.com\/wp-content\/uploads\/2025\/02\/Screenshot-2025-03-29-alle-21.17.10-e1743279583884-300x86.png\" alt=\"\" width=\"164\" height=\"47\" \/><\/strong><\/a><\/p>\n","protected":false},"featured_media":6542,"comment_status":"open","ping_status":"closed","template":"","meta":[],"product_brand":[],"product_cat":[101,105],"product_tag":[],"class_list":{"0":"post-6538","1":"product","2":"type-product","3":"status-publish","4":"has-post-thumbnail","6":"product_cat-borse","7":"product_cat-home-page","9":"first","10":"instock","11":"shipping-taxable","12":"purchasable","13":"product-type-simple"},"jetpack-related-posts":[],"jetpack_sharing_enabled":true,"_links":{"self":[{"href":"https:\/\/elenadicuori.com\/it\/wp-json\/wp\/v2\/product\/6538","targetHints":{"allow":["GET"]}}],"collection":[{"href":"https:\/\/elenadicuori.com\/it\/wp-json\/wp\/v2\/product"}],"about":[{"href":"https:\/\/elenadicuori.com\/it\/wp-json\/wp\/v2\/types\/product"}],"replies":[{"embeddable":true,"href":"https:\/\/elenadicuori.com\/it\/wp-json\/wp\/v2\/comments?post=6538"}],"wp:featuredmedia":[{"embeddable":true,"href":"https:\/\/elenadicuori.com\/it\/wp-json\/wp\/v2\/media\/6542"}],"wp:attachment":[{"href":"https:\/\/elenadicuori.com\/it\/wp-json\/wp\/v2\/media?parent=6538"}],"wp:term":[{"taxonomy":"product_brand","embeddable":true,"href":"https:\/\/elenadicuori.com\/it\/wp-json\/wp\/v2\/product_brand?post=6538"},{"taxonomy":"product_cat","embeddable":true,"href":"https:\/\/elenadicuori.com\/it\/wp-json\/wp\/v2\/product_cat?post=6538"},{"taxonomy":"product_tag","embeddable":true,"href":"https:\/\/elenadicuori.com\/it\/wp-json\/wp\/v2\/product_tag?post=6538"}],"curies":[{"name":"wp","href":"https:\/\/api.w.org\/{rel}","templated":true}]}}